{"id":1470,"date":"2023-10-03T23:22:30","date_gmt":"2023-10-03T20:22:30","guid":{"rendered":"https:\/\/gokselaksel.com\/blog\/?page_id=1470"},"modified":"2026-03-30T17:56:04","modified_gmt":"2026-03-30T14:56:04","slug":"kocluk","status":"publish","type":"page","link":"https:\/\/gokselaksel.com\/blog\/kocluk\/","title":{"rendered":"Geli\u015fim &#038; D\u00f6n\u00fc\u015f\u00fcm"},"content":{"rendered":"<p><img loading=\"lazy\" decoding=\"async\" class=\"wp-image-2697 aligncenter\" src=\"https:\/\/gokselaksel.com\/blog\/wp-content\/uploads\/2026\/03\/webblog2-e1774882505508.jpg\" alt=\"\" width=\"344\" height=\"317\" srcset=\"https:\/\/gokselaksel.com\/blog\/wp-content\/uploads\/2026\/03\/webblog2-e1774882505508.jpg 1042w, https:\/\/gokselaksel.com\/blog\/wp-content\/uploads\/2026\/03\/webblog2-e1774882505508-800x737.jpg 800w, https:\/\/gokselaksel.com\/blog\/wp-content\/uploads\/2026\/03\/webblog2-e1774882505508-1024x943.jpg 1024w, https:\/\/gokselaksel.com\/blog\/wp-content\/uploads\/2026\/03\/webblog2-e1774882505508-768x708.jpg 768w\" sizes=\"auto, (max-width: 344px) 100vw, 344px\" \/><\/p>\n<p data-start=\"241\" data-end=\"561\">Klasik ki\u015fisel geli\u015fim yakla\u015f\u0131m\u0131n\u0131n art\u0131k etkisini yitirdi\u011fini d\u00fc\u015f\u00fcn\u00fcyorum. \u0130nsanlar saatlerce s\u00fcren e\u011fitimlere kat\u0131l\u0131yor, notlar al\u0131yor ama hayatlar\u0131nda ger\u00e7ek bir de\u011fi\u015fim olmuyor. Bunun sebebi bilgi eksikli\u011fi de\u011fil; aksine \u00e7o\u011fu insan ne yapmas\u0131 gerekti\u011fini zaten biliyor. As\u0131l mesele, neden yapamad\u0131\u011f\u0131n\u0131 fark edememek.<\/p>\n<p data-start=\"563\" data-end=\"638\">Ama burada daha temel bir soru var:<br data-start=\"598\" data-end=\"601\" \/><strong data-start=\"601\" data-end=\"638\">Ger\u00e7ekten de\u011fi\u015fmek zorunda m\u0131y\u0131z?<\/strong><\/p>\n<p data-start=\"640\" data-end=\"884\">Belki de her \u015feyin s\u00fcrekli de\u011fi\u015fmesi gerekti\u011fine inanmak, ki\u015fisel geli\u015fimin en b\u00fcy\u00fck yan\u0131lg\u0131lar\u0131ndan biri. Bazen sorun, bulundu\u011fumuz durum de\u011fil; o durumu s\u00fcrekli de\u011fi\u015ftirmeye \u00e7al\u0131\u015fmam\u0131zd\u0131r. \u00c7\u00fcnk\u00fc insan, kabul etmedi\u011fi hi\u00e7bir \u015feyi d\u00f6n\u00fc\u015ft\u00fcremez.<\/p>\n<p data-start=\"886\" data-end=\"1236\">Benim yakla\u015f\u0131m\u0131m tam olarak bu noktada ba\u015fl\u0131yor. Y\u0131llard\u0131r \u00fczerinde \u00e7al\u0131\u015ft\u0131\u011f\u0131m NLP teknikleri, davran\u0131\u015f kal\u0131plar\u0131 ve doktora d\u00fczeyinde y\u00fcr\u00fctt\u00fc\u011f\u00fcm ara\u015ft\u0131rmalar, bana \u015funu \u00e7ok net g\u00f6sterdi: \u0130nsan davran\u0131\u015f\u0131 rasyonel de\u011fil, b\u00fcy\u00fck \u00f6l\u00e7\u00fcde bilin\u00e7alt\u0131 s\u00fcre\u00e7lerle \u015fekilleniyor. Ve bu s\u00fcre\u00e7ler \u00e7o\u011fu zaman \u201cde\u011fi\u015ftirilmeye\u201d \u00e7al\u0131\u015f\u0131ld\u0131k\u00e7a daha fazla diren\u00e7 \u00fcretir.<\/p>\n<p data-start=\"1238\" data-end=\"1415\">Bu y\u00fczden ben insanlara s\u00fcrekli de\u011fi\u015fmeleri gerekti\u011fini s\u00f6ylemiyorum. \u00d6nce g\u00f6rmelerini sa\u011fl\u0131yorum. Olduklar\u0131 yeri, yapt\u0131klar\u0131 se\u00e7imleri, tekrar eden d\u00f6ng\u00fclerini\u2026 oldu\u011fu haliyle.<\/p>\n<p data-start=\"1417\" data-end=\"1487\">\u00c7\u00fcnk\u00fc baz\u0131 durumlarda de\u011fi\u015fim, zorlamakla de\u011fil; kabul etmekle ba\u015flar.<\/p>\n<p data-start=\"1489\" data-end=\"1649\">\u0130\u015fte bu y\u00fczden \u201cyeni nesil ki\u015fisel geli\u015fim\u201d diyorum. \u00c7\u00fcnk\u00fc bu yakla\u015f\u0131m, insan\u0131 s\u00fcrekli daha iyi olmaya zorlayan de\u011fil, \u00f6nce ger\u00e7e\u011fiyle y\u00fczle\u015ftiren bir yakla\u015f\u0131m.<\/p>\n<h1 data-start=\"1656\" data-end=\"1697\" data-section-id=\"1uvrt2n\"><\/h1>\n<h1 data-start=\"1656\" data-end=\"1697\" data-section-id=\"1uvrt2n\"><img loading=\"lazy\" decoding=\"async\" class=\"wp-image-2692 aligncenter\" src=\"https:\/\/gokselaksel.com\/blog\/wp-content\/uploads\/2026\/03\/webblog1-e1774882209485.jpg\" alt=\"\" width=\"461\" height=\"404\" srcset=\"https:\/\/gokselaksel.com\/blog\/wp-content\/uploads\/2026\/03\/webblog1-e1774882209485.jpg 1170w, https:\/\/gokselaksel.com\/blog\/wp-content\/uploads\/2026\/03\/webblog1-e1774882209485-800x701.jpg 800w, https:\/\/gokselaksel.com\/blog\/wp-content\/uploads\/2026\/03\/webblog1-e1774882209485-1024x897.jpg 1024w, https:\/\/gokselaksel.com\/blog\/wp-content\/uploads\/2026\/03\/webblog1-e1774882209485-768x673.jpg 768w, https:\/\/gokselaksel.com\/blog\/wp-content\/uploads\/2026\/03\/webblog1-e1774882209485-1140x999.jpg 1140w\" sizes=\"auto, (max-width: 461px) 100vw, 461px\" \/><\/h1>\n<h1 data-start=\"1656\" data-end=\"1697\" data-section-id=\"1uvrt2n\">TALK SHOW TADINDA KURUMSAL E\u011e\u0130T\u0130MLER<\/h1>\n<p data-start=\"1699\" data-end=\"1959\">Kurumsal e\u011fitimlerin b\u00fcy\u00fck bir k\u0131sm\u0131 birbirine benziyor. Slaytlar, teorik anlat\u0131mlar ve \u00e7o\u011fu zaman kat\u0131l\u0131mc\u0131n\u0131n pasif kald\u0131\u011f\u0131 bir yap\u0131\u2026 Bu format\u0131n neden \u00e7al\u0131\u015fmad\u0131\u011f\u0131n\u0131 anlamak zor de\u011fil. \u0130nsan zihni, maruz kald\u0131\u011f\u0131 bilgiyi de\u011fil, deneyimledi\u011fi duyguyu hat\u0131rlar.<\/p>\n<p data-start=\"1961\" data-end=\"2361\">Bu y\u00fczden ben e\u011fitim vermiyorum, bir deneyim tasarl\u0131yorum. Sahneye \u00e7\u0131kt\u0131\u011f\u0131mda klasik bir e\u011fitmen gibi konu\u015fmam; bir talk show ak\u0131\u015f\u0131 kurar\u0131m. Kat\u0131l\u0131mc\u0131lar sadece dinleyen de\u011fil, s\u00fcrecin bir par\u00e7as\u0131 haline gelir. Bazen g\u00fclerler, bazen kendilerini rahats\u0131z edici bir ger\u00e7ekle y\u00fczle\u015firken bulurlar ama hi\u00e7bir zaman kopmazlar. \u00c7\u00fcnk\u00fc anlat\u0131lan \u015feyler teoride kalmaz, do\u011frudan kendi hayatlar\u0131yla temas eder.<\/p>\n<p data-start=\"2363\" data-end=\"2526\">Bu e\u011fitimlerde insanlara s\u00fcrekli \u201cdaha iyi olun\u201d demem.<br data-start=\"2418\" data-end=\"2421\" \/>Bazen \u015funu sorar\u0131m:<br data-start=\"2440\" data-end=\"2443\" \/>\u201cGer\u00e7ekten de\u011fi\u015fmesi gereken \u015fey siz misiniz, yoksa i\u00e7inde bulundu\u011funuz sistem mi?\u201d<\/p>\n<p data-start=\"2528\" data-end=\"2652\">Bu soru \u00e7o\u011fu zaman sessizlik yarat\u0131r. \u00c7\u00fcnk\u00fc insanlar ilk defa otomatik olarak kabul ettikleri ger\u00e7ekleri sorgulamaya ba\u015flar.<\/p>\n<p data-start=\"2654\" data-end=\"3033\">NLP altyap\u0131m ve akademik \u00e7al\u0131\u015fmalar\u0131m sayesinde, insanlar\u0131n hangi noktada dikkat verdi\u011fini, hangi noktada savunmaya ge\u00e7ti\u011fini ve hangi anda fark\u0131ndal\u0131k ya\u015fad\u0131\u011f\u0131n\u0131 \u00e7ok iyi biliyorum. Bu y\u00fczden e\u011fitim s\u0131ras\u0131nda sadece i\u00e7erik sunmam; ayn\u0131 zamanda kat\u0131l\u0131mc\u0131lar\u0131n zihinsel s\u00fcre\u00e7lerini de y\u00f6nlendiririm. Ama bunu yapay bir teknik olarak de\u011fil, do\u011fal bir ak\u0131\u015f\u0131n i\u00e7inde ger\u00e7ekle\u015ftiririm.<\/p>\n<p data-start=\"3035\" data-end=\"3161\">Bu deneyimin sonunda insanlar motive olmu\u015f hissetmekten \u00e7ok, d\u00fc\u015f\u00fcnmeye ba\u015flar. Ve \u00e7o\u011fu zaman de\u011fi\u015fim tam olarak burada ba\u015flar.<\/p>\n<h1 data-start=\"3168\" data-end=\"3189\" data-section-id=\"1ehstcq\">Y\u00d6NET\u0130C\u0130 KO\u00c7LU\u011eU<\/h1>\n<p data-start=\"3191\" data-end=\"3442\">Y\u00f6netici olmak \u00e7o\u011fu zaman hedeflerle, performans tablolar\u0131yla ve sonu\u00e7 odakl\u0131 metriklerle tan\u0131mlan\u0131yor. Oysa i\u015fin as\u0131l zor k\u0131sm\u0131 insan y\u00f6netmek. \u0130nsan davran\u0131\u015flar\u0131 ise \u00e7o\u011fu zaman mant\u0131kla de\u011fil, alg\u0131lar, duygular ve bilin\u00e7alt\u0131 kal\u0131plarla \u015fekilleniyor.<\/p>\n<p data-start=\"3444\" data-end=\"3655\">Bu s\u00fcre\u00e7te y\u00f6neticilerle \u00e7al\u0131\u015f\u0131rken sadece strateji konu\u015fmuyoruz. Karar alma mekanizmalar\u0131n\u0131, ekip i\u00e7indeki g\u00f6r\u00fcnmeyen dinamikleri ve liderlik tarz\u0131n\u0131n arka plan\u0131ndaki psikolojik yap\u0131y\u0131 birlikte analiz ediyoruz.<\/p>\n<p data-start=\"3657\" data-end=\"3750\">Ama bazen en kritik fark\u0131ndal\u0131k \u015fu oluyor:<br data-start=\"3699\" data-end=\"3702\" \/>Her \u015feyi d\u00fczeltmeye \u00e7al\u0131\u015fmak, liderlik de\u011fildir.<\/p>\n<p data-start=\"3752\" data-end=\"3880\">Baz\u0131 durumlar\u0131 oldu\u011fu gibi g\u00f6rmek, baz\u0131 ger\u00e7ekleri kabul etmek ve buna ra\u011fmen y\u00f6n verebilmek\u2026 i\u015fte as\u0131l g\u00fc\u00e7 burada ortaya \u00e7\u0131kar.<\/p>\n<h1 data-start=\"3887\" data-end=\"3905\" data-section-id=\"16tw36t\"><\/h1>\n<h1 data-start=\"3887\" data-end=\"3905\" data-section-id=\"16tw36t\">YA\u015eAM KO\u00c7LU\u011eU<\/h1>\n<p data-start=\"3907\" data-end=\"4056\">Ya\u015fam ko\u00e7lu\u011fu denildi\u011finde \u00e7o\u011fu insan\u0131n akl\u0131na motive edici c\u00fcmleler ve iyi hissettiren konu\u015fmalar geliyor. Benim yapt\u0131\u011f\u0131m \u015fey bunun olduk\u00e7a d\u0131\u015f\u0131nda.<\/p>\n<p data-start=\"4058\" data-end=\"4271\">Bu s\u00fcre\u00e7te ki\u015fiyle birlikte, tekrar eden d\u00f6ng\u00fclerine, kendi kendine kurdu\u011fu s\u0131n\u0131rlar\u0131na ve \u00e7o\u011fu zaman fark\u0131nda bile olmad\u0131\u011f\u0131 zihinsel kal\u0131plar\u0131na bak\u0131yoruz. Ama bunu \u201cbunlar\u0131 de\u011fi\u015ftirmen laz\u0131m\u201d diyerek yapm\u0131yorum.<\/p>\n<p data-start=\"4273\" data-end=\"4376\">\u00d6nce \u015funu soruyorum:<br data-start=\"4293\" data-end=\"4296\" \/>\u201cBelki de sorun, bunlar\u0131n var olmas\u0131 de\u011fil; senin onlar\u0131 reddetmen olabilir mi?\u201d<\/p>\n<p data-start=\"4378\" data-end=\"4428\">Bu soru \u00e7o\u011fu zaman s\u00fcrecin k\u0131r\u0131lma noktas\u0131 oluyor.<\/p>\n<p data-start=\"4430\" data-end=\"4656\">NLP teknikleri burada g\u00fc\u00e7l\u00fc bir ara\u00e7 sa\u011fl\u0131yor; \u00e7\u00fcnk\u00fc sadece ne d\u00fc\u015f\u00fcnd\u00fc\u011f\u00fcn\u00fc de\u011fil, nas\u0131l d\u00fc\u015f\u00fcnd\u00fc\u011f\u00fcn\u00fc anlamay\u0131 m\u00fcmk\u00fcn k\u0131l\u0131yor. Ve insan kendi zihninin nas\u0131l \u00e7al\u0131\u015ft\u0131\u011f\u0131n\u0131 g\u00f6rd\u00fc\u011f\u00fcnde, de\u011fi\u015fim \u00e7o\u011fu zaman kendili\u011finden ger\u00e7ekle\u015fiyor.<\/p>\n<h1 data-start=\"4663\" data-end=\"4683\" data-section-id=\"11oyn8a\"><\/h1>\n<h1 data-start=\"4663\" data-end=\"4683\" data-section-id=\"11oyn8a\">\u00d6\u011eRENC\u0130 KO\u00c7LU\u011eU<\/h1>\n<p data-start=\"4685\" data-end=\"4931\">\u00d6\u011frencilerle \u00e7al\u0131\u015f\u0131rken en s\u0131k kar\u015f\u0131la\u015ft\u0131\u011f\u0131m \u015fey motivasyon eksikli\u011fi de\u011fil, y\u00f6n eksikli\u011fi oluyor. Ne yapaca\u011f\u0131n\u0131 bilmeyen bir zihin, do\u011fal olarak da\u011f\u0131l\u0131r. Disiplin problemi gibi g\u00f6r\u00fcnen bir\u00e7ok \u015fey asl\u0131nda do\u011fru yap\u0131 kurulmad\u0131\u011f\u0131 i\u00e7in ortaya \u00e7\u0131kar.<\/p>\n<p data-start=\"4933\" data-end=\"5064\">Ama bazen mesele sistem kurmak da de\u011fildir.<br data-start=\"4976\" data-end=\"4979\" \/>Bazen \u00f6\u011frenciye \u015fu soruyu sormak gerekir:<br data-start=\"5020\" data-end=\"5023\" \/>\u201cGer\u00e7ekten bu yolda olmak istiyor musun?\u201d<\/p>\n<p data-start=\"5066\" data-end=\"5152\">\u00c7\u00fcnk\u00fc herkesin ayn\u0131 hedeflere y\u00f6nelmesi gerekti\u011fi fikri, en b\u00fcy\u00fck bask\u0131lardan biridir.<\/p>\n<p data-start=\"5154\" data-end=\"5310\">Bu noktada bilimsel temelli y\u00f6ntemler ve NLP teknikleriyle birlikte, \u00f6\u011frencinin sadece nas\u0131l \u00e7al\u0131\u015ft\u0131\u011f\u0131n\u0131 de\u011fil, neden \u00e7al\u0131\u015ft\u0131\u011f\u0131n\u0131 da anlamaya odaklan\u0131yoruz.<\/p>\n<h1 data-start=\"5317\" data-end=\"5343\" data-section-id=\"100k2cg\"><\/h1>\n<h1 data-start=\"5317\" data-end=\"5343\" data-section-id=\"100k2cg\">K\u0130\u015e\u0130YE \u00d6ZEL PROGRAMLAR<\/h1>\n<p data-start=\"5345\" data-end=\"5555\">Her insan\u0131n zihinsel i\u015fleyi\u015fi farkl\u0131d\u0131r. Bu y\u00fczden herkese uyan tek bir y\u00f6ntem yoktur. Ki\u015fiye \u00f6zel haz\u0131rlanan programlarda, bireyin mevcut d\u00fc\u015f\u00fcnce kal\u0131plar\u0131, hedefleri ve i\u00e7sel engelleri birlikte analiz edilir.<\/p>\n<p data-start=\"5557\" data-end=\"5679\">Ama bu s\u00fcre\u00e7te ama\u00e7 herkesi ayn\u0131 kal\u0131ba sokmak de\u011fildir.<br data-start=\"5613\" data-end=\"5616\" \/>Aksine, ki\u015finin kendi ger\u00e7e\u011fini daha net g\u00f6rmesini sa\u011flamakt\u0131r.<\/p>\n<p data-start=\"5681\" data-end=\"5828\">Doktora s\u00fcrecimde y\u00fcr\u00fctt\u00fc\u011f\u00fcm \u00e7al\u0131\u015fmalar ve NLP deneyimim sayesinde, bu s\u00fcre\u00e7 y\u00fczeyde kalmaz. Daha derin, daha yap\u0131sal bir fark\u0131ndal\u0131k alan\u0131 a\u00e7\u0131l\u0131r.<\/p>\n<h1 data-start=\"5835\" data-end=\"5847\" data-section-id=\"17q61at\">Ufak bir not&#8230;<\/h1>\n<p data-start=\"5849\" data-end=\"5949\">Herkes sana de\u011fi\u015fmen gerekti\u011fini s\u00f6yl\u00fcyor olabilir.<br data-start=\"5900\" data-end=\"5903\" \/>Ama belki de ilk kez biri sana \u015funu s\u00f6ylemeli; her \u015fey yolunda&#8230;<\/p>\n","protected":false},"excerpt":{"rendered":"<p>Klasik ki\u015fisel geli\u015fim yakla\u015f\u0131m\u0131n\u0131n art\u0131k etkisini yitirdi\u011fini d\u00fc\u015f\u00fcn\u00fcyorum. \u0130nsanlar saatlerce s\u00fcren e\u011fitimlere kat\u0131l\u0131yor, notlar al\u0131yor ama hayatlar\u0131nda ger\u00e7ek bir de\u011fi\u015fim olmuyor. Bunun sebebi bilgi eksikli\u011fi de\u011fil; aksine \u00e7o\u011fu insan ne yapmas\u0131 gerekti\u011fini zaten biliyor. As\u0131l mesele, neden yapamad\u0131\u011f\u0131n\u0131 fark edememek. Ama burada daha temel bir soru var:Ger\u00e7ekten de\u011fi\u015fmek zorunda m\u0131y\u0131z? Belki de her \u015feyin s\u00fcrekli de\u011fi\u015fmesi gerekti\u011fine inanmak, ki\u015fisel geli\u015fimin en b\u00fcy\u00fck yan\u0131lg\u0131lar\u0131ndan biri. Bazen sorun, bulundu\u011fumuz durum de\u011fil; o durumu s\u00fcrekli de\u011fi\u015ftirmeye \u00e7al\u0131\u015fmam\u0131zd\u0131r. \u00c7\u00fcnk\u00fc insan, kabul etmedi\u011fi hi\u00e7bir \u015feyi d\u00f6n\u00fc\u015ft\u00fcremez. Benim yakla\u015f\u0131m\u0131m tam olarak bu noktada ba\u015fl\u0131yor. Y\u0131llard\u0131r \u00fczerinde \u00e7al\u0131\u015ft\u0131\u011f\u0131m NLP teknikleri, davran\u0131\u015f kal\u0131plar\u0131 ve doktora d\u00fczeyinde y\u00fcr\u00fctt\u00fc\u011f\u00fcm ara\u015ft\u0131rmalar, bana \u015funu \u00e7ok net g\u00f6sterdi: \u0130nsan davran\u0131\u015f\u0131 rasyonel de\u011fil, b\u00fcy\u00fck \u00f6l\u00e7\u00fcde bilin\u00e7alt\u0131 s\u00fcre\u00e7lerle \u015fekilleniyor. Ve bu s\u00fcre\u00e7ler \u00e7o\u011fu zaman \u201cde\u011fi\u015ftirilmeye\u201d \u00e7al\u0131\u015f\u0131ld\u0131k\u00e7a daha fazla diren\u00e7 \u00fcretir. Bu y\u00fczden ben insanlara s\u00fcrekli de\u011fi\u015fmeleri gerekti\u011fini s\u00f6ylemiyorum. \u00d6nce g\u00f6rmelerini sa\u011fl\u0131yorum. Olduklar\u0131 yeri, yapt\u0131klar\u0131 se\u00e7imleri, tekrar eden d\u00f6ng\u00fclerini\u2026 oldu\u011fu haliyle. \u00c7\u00fcnk\u00fc baz\u0131 durumlarda de\u011fi\u015fim, zorlamakla de\u011fil; kabul etmekle ba\u015flar. \u0130\u015fte bu y\u00fczden \u201cyeni nesil ki\u015fisel geli\u015fim\u201d diyorum. \u00c7\u00fcnk\u00fc bu yakla\u015f\u0131m, insan\u0131 s\u00fcrekli daha iyi olmaya zorlayan de\u011fil, \u00f6nce ger\u00e7e\u011fiyle y\u00fczle\u015ftiren bir yakla\u015f\u0131m. TALK SHOW TADINDA KURUMSAL E\u011e\u0130T\u0130MLER Kurumsal e\u011fitimlerin b\u00fcy\u00fck bir k\u0131sm\u0131 birbirine benziyor. Slaytlar, teorik anlat\u0131mlar ve \u00e7o\u011fu zaman kat\u0131l\u0131mc\u0131n\u0131n pasif kald\u0131\u011f\u0131 bir yap\u0131\u2026 Bu format\u0131n neden \u00e7al\u0131\u015fmad\u0131\u011f\u0131n\u0131 anlamak zor de\u011fil. \u0130nsan zihni, maruz kald\u0131\u011f\u0131 bilgiyi de\u011fil, deneyimledi\u011fi duyguyu hat\u0131rlar. Bu y\u00fczden ben e\u011fitim vermiyorum, bir deneyim tasarl\u0131yorum. Sahneye \u00e7\u0131kt\u0131\u011f\u0131mda klasik bir e\u011fitmen gibi konu\u015fmam; bir talk show ak\u0131\u015f\u0131 kurar\u0131m. Kat\u0131l\u0131mc\u0131lar sadece dinleyen de\u011fil, s\u00fcrecin bir par\u00e7as\u0131 haline gelir. Bazen g\u00fclerler, bazen kendilerini rahats\u0131z edici bir ger\u00e7ekle y\u00fczle\u015firken bulurlar ama hi\u00e7bir zaman kopmazlar. \u00c7\u00fcnk\u00fc anlat\u0131lan \u015feyler teoride kalmaz, do\u011frudan kendi hayatlar\u0131yla temas eder. Bu e\u011fitimlerde insanlara s\u00fcrekli \u201cdaha iyi olun\u201d demem.Bazen \u015funu sorar\u0131m:\u201cGer\u00e7ekten de\u011fi\u015fmesi gereken \u015fey siz misiniz, yoksa i\u00e7inde bulundu\u011funuz sistem mi?\u201d Bu soru \u00e7o\u011fu zaman sessizlik yarat\u0131r. \u00c7\u00fcnk\u00fc insanlar ilk defa otomatik olarak kabul ettikleri ger\u00e7ekleri sorgulamaya ba\u015flar. NLP altyap\u0131m ve akademik \u00e7al\u0131\u015fmalar\u0131m sayesinde, insanlar\u0131n hangi noktada dikkat verdi\u011fini, hangi noktada savunmaya ge\u00e7ti\u011fini ve hangi anda fark\u0131ndal\u0131k ya\u015fad\u0131\u011f\u0131n\u0131 \u00e7ok iyi biliyorum. Bu y\u00fczden e\u011fitim s\u0131ras\u0131nda sadece i\u00e7erik sunmam; ayn\u0131 zamanda kat\u0131l\u0131mc\u0131lar\u0131n zihinsel s\u00fcre\u00e7lerini de y\u00f6nlendiririm. Ama bunu yapay bir teknik olarak de\u011fil, do\u011fal bir ak\u0131\u015f\u0131n i\u00e7inde ger\u00e7ekle\u015ftiririm. Bu deneyimin sonunda insanlar motive olmu\u015f hissetmekten \u00e7ok, d\u00fc\u015f\u00fcnmeye ba\u015flar. Ve \u00e7o\u011fu zaman de\u011fi\u015fim tam olarak burada ba\u015flar. Y\u00d6NET\u0130C\u0130 KO\u00c7LU\u011eU Y\u00f6netici olmak \u00e7o\u011fu zaman hedeflerle, performans tablolar\u0131yla ve sonu\u00e7 odakl\u0131 metriklerle tan\u0131mlan\u0131yor. Oysa i\u015fin as\u0131l zor k\u0131sm\u0131 insan y\u00f6netmek. \u0130nsan davran\u0131\u015flar\u0131 ise \u00e7o\u011fu zaman mant\u0131kla de\u011fil, alg\u0131lar, duygular ve bilin\u00e7alt\u0131 kal\u0131plarla \u015fekilleniyor. Bu s\u00fcre\u00e7te y\u00f6neticilerle \u00e7al\u0131\u015f\u0131rken sadece strateji konu\u015fmuyoruz. Karar alma mekanizmalar\u0131n\u0131, ekip i\u00e7indeki g\u00f6r\u00fcnmeyen dinamikleri ve liderlik tarz\u0131n\u0131n arka plan\u0131ndaki psikolojik yap\u0131y\u0131 birlikte analiz ediyoruz. Ama bazen en kritik fark\u0131ndal\u0131k \u015fu oluyor:Her \u015feyi d\u00fczeltmeye \u00e7al\u0131\u015fmak, liderlik de\u011fildir. Baz\u0131 durumlar\u0131 oldu\u011fu gibi g\u00f6rmek, baz\u0131 ger\u00e7ekleri kabul etmek ve buna ra\u011fmen y\u00f6n verebilmek\u2026 i\u015fte as\u0131l g\u00fc\u00e7 burada ortaya \u00e7\u0131kar. YA\u015eAM KO\u00c7LU\u011eU Ya\u015fam ko\u00e7lu\u011fu denildi\u011finde \u00e7o\u011fu insan\u0131n akl\u0131na motive edici c\u00fcmleler ve iyi hissettiren konu\u015fmalar geliyor. Benim yapt\u0131\u011f\u0131m \u015fey bunun olduk\u00e7a d\u0131\u015f\u0131nda. Bu s\u00fcre\u00e7te ki\u015fiyle birlikte, tekrar eden d\u00f6ng\u00fclerine, kendi kendine kurdu\u011fu s\u0131n\u0131rlar\u0131na ve \u00e7o\u011fu zaman fark\u0131nda bile olmad\u0131\u011f\u0131 zihinsel kal\u0131plar\u0131na bak\u0131yoruz. Ama bunu \u201cbunlar\u0131 de\u011fi\u015ftirmen laz\u0131m\u201d diyerek yapm\u0131yorum. \u00d6nce \u015funu soruyorum:\u201cBelki de sorun, bunlar\u0131n var olmas\u0131 de\u011fil; senin onlar\u0131 reddetmen olabilir mi?\u201d Bu soru \u00e7o\u011fu zaman s\u00fcrecin k\u0131r\u0131lma noktas\u0131 oluyor. NLP teknikleri burada g\u00fc\u00e7l\u00fc bir ara\u00e7 sa\u011fl\u0131yor; \u00e7\u00fcnk\u00fc sadece ne d\u00fc\u015f\u00fcnd\u00fc\u011f\u00fcn\u00fc de\u011fil, nas\u0131l d\u00fc\u015f\u00fcnd\u00fc\u011f\u00fcn\u00fc anlamay\u0131 m\u00fcmk\u00fcn k\u0131l\u0131yor. Ve insan kendi zihninin nas\u0131l \u00e7al\u0131\u015ft\u0131\u011f\u0131n\u0131 g\u00f6rd\u00fc\u011f\u00fcnde, de\u011fi\u015fim \u00e7o\u011fu zaman kendili\u011finden ger\u00e7ekle\u015fiyor. \u00d6\u011eRENC\u0130 KO\u00c7LU\u011eU \u00d6\u011frencilerle \u00e7al\u0131\u015f\u0131rken en s\u0131k kar\u015f\u0131la\u015ft\u0131\u011f\u0131m \u015fey motivasyon eksikli\u011fi de\u011fil, y\u00f6n eksikli\u011fi oluyor. Ne yapaca\u011f\u0131n\u0131 bilmeyen bir zihin, do\u011fal olarak da\u011f\u0131l\u0131r. Disiplin problemi gibi g\u00f6r\u00fcnen bir\u00e7ok \u015fey asl\u0131nda do\u011fru yap\u0131 kurulmad\u0131\u011f\u0131 i\u00e7in ortaya \u00e7\u0131kar. Ama bazen mesele sistem kurmak da de\u011fildir.Bazen \u00f6\u011frenciye \u015fu soruyu sormak gerekir:\u201cGer\u00e7ekten bu yolda olmak istiyor musun?\u201d \u00c7\u00fcnk\u00fc herkesin ayn\u0131 hedeflere y\u00f6nelmesi gerekti\u011fi fikri, en b\u00fcy\u00fck bask\u0131lardan biridir. Bu noktada bilimsel temelli y\u00f6ntemler ve NLP teknikleriyle birlikte, \u00f6\u011frencinin sadece nas\u0131l \u00e7al\u0131\u015ft\u0131\u011f\u0131n\u0131 de\u011fil, neden \u00e7al\u0131\u015ft\u0131\u011f\u0131n\u0131 da anlamaya odaklan\u0131yoruz. K\u0130\u015e\u0130YE \u00d6ZEL PROGRAMLAR Her insan\u0131n zihinsel i\u015fleyi\u015fi farkl\u0131d\u0131r. Bu y\u00fczden herkese uyan tek bir y\u00f6ntem yoktur. Ki\u015fiye \u00f6zel haz\u0131rlanan programlarda, bireyin mevcut d\u00fc\u015f\u00fcnce kal\u0131plar\u0131, hedefleri ve i\u00e7sel engelleri birlikte analiz edilir. Ama bu s\u00fcre\u00e7te ama\u00e7 herkesi ayn\u0131 kal\u0131ba sokmak de\u011fildir.Aksine, ki\u015finin kendi ger\u00e7e\u011fini daha net g\u00f6rmesini sa\u011flamakt\u0131r. Doktora s\u00fcrecimde y\u00fcr\u00fctt\u00fc\u011f\u00fcm \u00e7al\u0131\u015fmalar ve NLP deneyimim sayesinde, bu s\u00fcre\u00e7 y\u00fczeyde kalmaz. Daha derin, daha yap\u0131sal bir fark\u0131ndal\u0131k alan\u0131 a\u00e7\u0131l\u0131r. Ufak bir not&#8230; Herkes sana de\u011fi\u015fmen gerekti\u011fini s\u00f6yl\u00fcyor olabilir.Ama belki de ilk kez biri sana \u015funu s\u00f6ylemeli; her \u015fey yolunda&#8230;<\/p>\n","protected":false},"author":1,"featured_media":0,"parent":0,"menu_order":0,"comment_status":"closed","ping_status":"closed","template":"","meta":{"footnotes":""},"class_list":["post-1470","page","type-page","status-publish","hentry"],"_links":{"self":[{"href":"https:\/\/gokselaksel.com\/blog\/wp-json\/wp\/v2\/pages\/1470","targetHints":{"allow":["GET"]}}],"collection":[{"href":"https:\/\/gokselaksel.com\/blog\/wp-json\/wp\/v2\/pages"}],"about":[{"href":"https:\/\/gokselaksel.com\/blog\/wp-json\/wp\/v2\/types\/page"}],"author":[{"embeddable":true,"href":"https:\/\/gokselaksel.com\/blog\/wp-json\/wp\/v2\/users\/1"}],"replies":[{"embeddable":true,"href":"https:\/\/gokselaksel.com\/blog\/wp-json\/wp\/v2\/comments?post=1470"}],"version-history":[{"count":41,"href":"https:\/\/gokselaksel.com\/blog\/wp-json\/wp\/v2\/pages\/1470\/revisions"}],"predecessor-version":[{"id":2700,"href":"https:\/\/gokselaksel.com\/blog\/wp-json\/wp\/v2\/pages\/1470\/revisions\/2700"}],"wp:attachment":[{"href":"https:\/\/gokselaksel.com\/blog\/wp-json\/wp\/v2\/media?parent=1470"}],"curies":[{"name":"wp","href":"https:\/\/api.w.org\/{rel}","templated":true}]}}