{"id":1466,"date":"2023-10-03T23:22:05","date_gmt":"2023-10-03T20:22:05","guid":{"rendered":"https:\/\/gokselaksel.com\/blog\/?page_id=1466"},"modified":"2025-01-10T17:18:05","modified_gmt":"2025-01-10T14:18:05","slug":"about","status":"publish","type":"page","link":"https:\/\/gokselaksel.com\/blog\/about\/","title":{"rendered":"Hakk\u0131nda"},"content":{"rendered":"<p class=\"p1\"><img loading=\"lazy\" decoding=\"async\" class=\"alignright wp-image-1689\" src=\"https:\/\/gokselaksel.com\/blog\/wp-content\/uploads\/2023\/10\/Hakkinda-1-533x800.jpg\" alt=\"\" width=\"283\" height=\"425\" srcset=\"https:\/\/gokselaksel.com\/blog\/wp-content\/uploads\/2023\/10\/Hakkinda-1-533x800.jpg 533w, https:\/\/gokselaksel.com\/blog\/wp-content\/uploads\/2023\/10\/Hakkinda-1-683x1024.jpg 683w, https:\/\/gokselaksel.com\/blog\/wp-content\/uploads\/2023\/10\/Hakkinda-1-768x1152.jpg 768w, https:\/\/gokselaksel.com\/blog\/wp-content\/uploads\/2023\/10\/Hakkinda-1-1024x1536.jpg 1024w, https:\/\/gokselaksel.com\/blog\/wp-content\/uploads\/2023\/10\/Hakkinda-1-1365x2048.jpg 1365w, https:\/\/gokselaksel.com\/blog\/wp-content\/uploads\/2023\/10\/Hakkinda-1-1140x1710.jpg 1140w, https:\/\/gokselaksel.com\/blog\/wp-content\/uploads\/2023\/10\/Hakkinda-1-scaled.jpg 1707w\" sizes=\"auto, (max-width: 283px) 100vw, 283px\" \/>G\u00f6ksel Aksel Trabzon&#8217;da do\u011fdu. \u00c7anakkale Onsekiz Mart \u00dcniversitesi D\u0131\u015f Ticaret ve Avrupa Birli\u011fi program\u0131n\u0131 tamamlad\u0131ktan sonra \u0130\u015fletme Anabilim Dal\u0131&#8217;na y\u00f6neldi. 2016 y\u0131l\u0131nda Avrasya \u00dcniversitesi&#8217;nde \u0130\u015fletme Anabilim Dal\u0131&#8217;nda lisans\u00fcst\u00fc e\u011fitimini tamamlad\u0131.<\/p>\n<p>NLP (Sinir Dili Programlama) ve \u0130\u015fletme bilimini bir araya getiren y\u00fcksek lisans tezi ile T\u00fcrkiye&#8217;de bu konuda bilimsel ara\u015ft\u0131rma yapan ilk ara\u015ft\u0131rmac\u0131lardan oldu. 2012 y\u0131l\u0131ndan bu yana ki\u015fisel geli\u015fim konulu pek \u00e7ok e\u011fitime kat\u0131ld\u0131, ara\u015ft\u0131rmalar yapt\u0131 ve uluslararas\u0131 ge\u00e7erlili\u011fe sahip sertifikalar ald\u0131. Amerika \u00dcniversiteler Birli\u011fi&#8217;nden onayl\u0131 e\u011fitim sertifikalar\u0131 ile hem ki\u015fisel hem de kurumsal dan\u0131\u015fmanl\u0131k hizmeti vermeye ba\u015flad\u0131. 2020 y\u0131l\u0131 itibari ile IAS Business Academy b\u00fcnyesinde K\u0131demli E\u011fitim Uzman\u0131 olarak g\u00f6reve ba\u015flad\u0131. Temmuz 2020&#8217;de ilk roman\u0131 olan Robinson&#8217;a A\u015f\u0131k Olmak okuyucu ile bulu\u015ftu. Ayr\u0131ca Avrupa Birli\u011fi Bilgi Merkezleri ile d\u00f6nemsel \u00e7al\u0131\u015fmalar y\u00fcr\u00fctm\u00fc\u015f, \u00e7e\u015fitli AB projelerinde e\u011fitim uzman\u0131 olarak g\u00f6rev alm\u0131\u015ft\u0131r. 2010 y\u0131l\u0131ndan bu yana sivil toplum \u00e7al\u0131\u015fmalar\u0131 y\u00fcr\u00fctmektedir. Toplumsal Kalk\u0131nma Derne\u011fi ve Kad\u0131n Erkek Birlikte Sosyal E\u015fitlik Derne\u011fi&#8217;nin kurucu \u00fcyesidir.<\/p>\n<p>\u00dcniversitelerde d\u00fczenlenen e\u011fitim seminerleri, s\u00f6yle\u015filer, konferanslar ve medya programlar\u0131na konu\u015fmac\u0131 olarak kat\u0131lmaktad\u0131r. Ayr\u0131ca TESOL (Teacher of English to Speaker of Other Languages) belgesine sahiptir. Hitit \u00dcniversitesinde \u0130\u015fletme Anabilim Dal\u0131nda N\u00f6ro Bilim ve \u0130\u015fletme alanlar\u0131nda doktora e\u011fitimi devam etmektedir.<\/p>\n<p>&nbsp;<\/p>\n<p>&nbsp;<\/p>\n<p>&nbsp;<\/p>\n<div id='gallery-1' class='gallery galleryid-1466 gallery-columns-3 gallery-size-medium'><figure class='gallery-item'>\n\t\t\t<div class='gallery-icon landscape'>\n\t\t\t\t<a href='https:\/\/gokselaksel.com\/blog\/wp-content\/uploads\/2023\/10\/diploma1-scaled.jpg'><img loading=\"lazy\" decoding=\"async\" width=\"800\" height=\"558\" src=\"https:\/\/gokselaksel.com\/blog\/wp-content\/uploads\/2023\/10\/diploma1-800x558.jpg\" class=\"attachment-medium size-medium\" alt=\"\" srcset=\"https:\/\/gokselaksel.com\/blog\/wp-content\/uploads\/2023\/10\/diploma1-800x558.jpg 800w, https:\/\/gokselaksel.com\/blog\/wp-content\/uploads\/2023\/10\/diploma1-1024x715.jpg 1024w, https:\/\/gokselaksel.com\/blog\/wp-content\/uploads\/2023\/10\/diploma1-768x536.jpg 768w, https:\/\/gokselaksel.com\/blog\/wp-content\/uploads\/2023\/10\/diploma1-1536x1072.jpg 1536w, https:\/\/gokselaksel.com\/blog\/wp-content\/uploads\/2023\/10\/diploma1-2048x1429.jpg 2048w, https:\/\/gokselaksel.com\/blog\/wp-content\/uploads\/2023\/10\/diploma1-1140x795.jpg 1140w\" sizes=\"auto, (max-width: 800px) 100vw, 800px\" \/><\/a>\n\t\t\t<\/div><\/figure><figure class='gallery-item'>\n\t\t\t<div class='gallery-icon landscape'>\n\t\t\t\t<a href='https:\/\/gokselaksel.com\/blog\/wp-content\/uploads\/2023\/10\/diploma2-scaled.jpg'><img loading=\"lazy\" decoding=\"async\" width=\"800\" height=\"558\" src=\"https:\/\/gokselaksel.com\/blog\/wp-content\/uploads\/2023\/10\/diploma2-800x558.jpg\" class=\"attachment-medium size-medium\" alt=\"\" srcset=\"https:\/\/gokselaksel.com\/blog\/wp-content\/uploads\/2023\/10\/diploma2-800x558.jpg 800w, https:\/\/gokselaksel.com\/blog\/wp-content\/uploads\/2023\/10\/diploma2-1024x715.jpg 1024w, https:\/\/gokselaksel.com\/blog\/wp-content\/uploads\/2023\/10\/diploma2-768x536.jpg 768w, https:\/\/gokselaksel.com\/blog\/wp-content\/uploads\/2023\/10\/diploma2-1536x1072.jpg 1536w, https:\/\/gokselaksel.com\/blog\/wp-content\/uploads\/2023\/10\/diploma2-2048x1429.jpg 2048w, https:\/\/gokselaksel.com\/blog\/wp-content\/uploads\/2023\/10\/diploma2-1140x795.jpg 1140w\" sizes=\"auto, (max-width: 800px) 100vw, 800px\" \/><\/a>\n\t\t\t<\/div><\/figure><figure class='gallery-item'>\n\t\t\t<div class='gallery-icon landscape'>\n\t\t\t\t<a href='https:\/\/gokselaksel.com\/blog\/wp-content\/uploads\/2023\/10\/diploma3-scaled.jpg'><img loading=\"lazy\" decoding=\"async\" width=\"800\" height=\"558\" src=\"https:\/\/gokselaksel.com\/blog\/wp-content\/uploads\/2023\/10\/diploma3-800x558.jpg\" class=\"attachment-medium size-medium\" alt=\"\" srcset=\"https:\/\/gokselaksel.com\/blog\/wp-content\/uploads\/2023\/10\/diploma3-800x558.jpg 800w, https:\/\/gokselaksel.com\/blog\/wp-content\/uploads\/2023\/10\/diploma3-1024x715.jpg 1024w, https:\/\/gokselaksel.com\/blog\/wp-content\/uploads\/2023\/10\/diploma3-768x536.jpg 768w, https:\/\/gokselaksel.com\/blog\/wp-content\/uploads\/2023\/10\/diploma3-1536x1072.jpg 1536w, https:\/\/gokselaksel.com\/blog\/wp-content\/uploads\/2023\/10\/diploma3-2048x1429.jpg 2048w, https:\/\/gokselaksel.com\/blog\/wp-content\/uploads\/2023\/10\/diploma3-1140x795.jpg 1140w\" sizes=\"auto, (max-width: 800px) 100vw, 800px\" \/><\/a>\n\t\t\t<\/div><\/figure>\n\t\t<\/div>\n\n<p>&nbsp;<\/p>\n<hr \/>\n<p>&nbsp;<\/p>\n<div id='gallery-2' class='gallery galleryid-1466 gallery-columns-5 gallery-size-thumbnail'><figure class='gallery-item'>\n\t\t\t<div class='gallery-icon portrait'>\n\t\t\t\t<a href='https:\/\/gokselaksel.com\/blog\/wp-content\/uploads\/2023\/10\/IMG_7033-scaled.jpg'><img loading=\"lazy\" decoding=\"async\" width=\"250\" height=\"250\" src=\"https:\/\/gokselaksel.com\/blog\/wp-content\/uploads\/2023\/10\/IMG_7033-250x250.jpg\" class=\"attachment-thumbnail size-thumbnail\" alt=\"\" srcset=\"https:\/\/gokselaksel.com\/blog\/wp-content\/uploads\/2023\/10\/IMG_7033-250x250.jpg 250w, https:\/\/gokselaksel.com\/blog\/wp-content\/uploads\/2023\/10\/IMG_7033-300x300.jpg 300w, https:\/\/gokselaksel.com\/blog\/wp-content\/uploads\/2023\/10\/IMG_7033-75x75.jpg 75w\" sizes=\"auto, (max-width: 250px) 100vw, 250px\" \/><\/a>\n\t\t\t<\/div><\/figure><figure class='gallery-item'>\n\t\t\t<div class='gallery-icon portrait'>\n\t\t\t\t<a href='https:\/\/gokselaksel.com\/blog\/wp-content\/uploads\/2023\/10\/IMG_7034-scaled.jpg'><img loading=\"lazy\" decoding=\"async\" width=\"250\" height=\"250\" src=\"https:\/\/gokselaksel.com\/blog\/wp-content\/uploads\/2023\/10\/IMG_7034-250x250.jpg\" class=\"attachment-thumbnail size-thumbnail\" alt=\"\" srcset=\"https:\/\/gokselaksel.com\/blog\/wp-content\/uploads\/2023\/10\/IMG_7034-250x250.jpg 250w, https:\/\/gokselaksel.com\/blog\/wp-content\/uploads\/2023\/10\/IMG_7034-300x300.jpg 300w, https:\/\/gokselaksel.com\/blog\/wp-content\/uploads\/2023\/10\/IMG_7034-75x75.jpg 75w\" sizes=\"auto, (max-width: 250px) 100vw, 250px\" \/><\/a>\n\t\t\t<\/div><\/figure><figure class='gallery-item'>\n\t\t\t<div class='gallery-icon portrait'>\n\t\t\t\t<a href='https:\/\/gokselaksel.com\/blog\/wp-content\/uploads\/2023\/10\/IMG_7032-scaled.jpg'><img loading=\"lazy\" decoding=\"async\" width=\"250\" height=\"250\" src=\"https:\/\/gokselaksel.com\/blog\/wp-content\/uploads\/2023\/10\/IMG_7032-250x250.jpg\" class=\"attachment-thumbnail size-thumbnail\" alt=\"\" srcset=\"https:\/\/gokselaksel.com\/blog\/wp-content\/uploads\/2023\/10\/IMG_7032-250x250.jpg 250w, https:\/\/gokselaksel.com\/blog\/wp-content\/uploads\/2023\/10\/IMG_7032-300x300.jpg 300w, https:\/\/gokselaksel.com\/blog\/wp-content\/uploads\/2023\/10\/IMG_7032-75x75.jpg 75w\" sizes=\"auto, (max-width: 250px) 100vw, 250px\" \/><\/a>\n\t\t\t<\/div><\/figure><figure class='gallery-item'>\n\t\t\t<div class='gallery-icon portrait'>\n\t\t\t\t<a href='https:\/\/gokselaksel.com\/blog\/wp-content\/uploads\/2023\/10\/IMG_7031-scaled.jpg'><img loading=\"lazy\" decoding=\"async\" width=\"250\" height=\"250\" src=\"https:\/\/gokselaksel.com\/blog\/wp-content\/uploads\/2023\/10\/IMG_7031-250x250.jpg\" class=\"attachment-thumbnail size-thumbnail\" alt=\"\" srcset=\"https:\/\/gokselaksel.com\/blog\/wp-content\/uploads\/2023\/10\/IMG_7031-250x250.jpg 250w, https:\/\/gokselaksel.com\/blog\/wp-content\/uploads\/2023\/10\/IMG_7031-300x300.jpg 300w, https:\/\/gokselaksel.com\/blog\/wp-content\/uploads\/2023\/10\/IMG_7031-75x75.jpg 75w\" sizes=\"auto, (max-width: 250px) 100vw, 250px\" \/><\/a>\n\t\t\t<\/div><\/figure><figure class='gallery-item'>\n\t\t\t<div class='gallery-icon portrait'>\n\t\t\t\t<a href='https:\/\/gokselaksel.com\/blog\/wp-content\/uploads\/2023\/10\/IMG_7030-scaled.jpg'><img loading=\"lazy\" decoding=\"async\" width=\"250\" height=\"250\" src=\"https:\/\/gokselaksel.com\/blog\/wp-content\/uploads\/2023\/10\/IMG_7030-250x250.jpg\" class=\"attachment-thumbnail size-thumbnail\" alt=\"\" srcset=\"https:\/\/gokselaksel.com\/blog\/wp-content\/uploads\/2023\/10\/IMG_7030-250x250.jpg 250w, https:\/\/gokselaksel.com\/blog\/wp-content\/uploads\/2023\/10\/IMG_7030-300x300.jpg 300w, https:\/\/gokselaksel.com\/blog\/wp-content\/uploads\/2023\/10\/IMG_7030-75x75.jpg 75w\" sizes=\"auto, (max-width: 250px) 100vw, 250px\" \/><\/a>\n\t\t\t<\/div><\/figure>\n\t\t<\/div>\n\n","protected":false},"excerpt":{"rendered":"<p>G\u00f6ksel Aksel Trabzon&#8217;da do\u011fdu. \u00c7anakkale Onsekiz Mart \u00dcniversitesi D\u0131\u015f Ticaret ve Avrupa Birli\u011fi program\u0131n\u0131 tamamlad\u0131ktan sonra \u0130\u015fletme Anabilim Dal\u0131&#8217;na y\u00f6neldi. 2016 y\u0131l\u0131nda Avrasya \u00dcniversitesi&#8217;nde \u0130\u015fletme Anabilim Dal\u0131&#8217;nda lisans\u00fcst\u00fc e\u011fitimini tamamlad\u0131. NLP (Sinir Dili Programlama) ve \u0130\u015fletme bilimini bir araya getiren y\u00fcksek lisans tezi ile T\u00fcrkiye&#8217;de bu konuda bilimsel ara\u015ft\u0131rma yapan ilk ara\u015ft\u0131rmac\u0131lardan oldu. 2012 y\u0131l\u0131ndan bu yana ki\u015fisel geli\u015fim konulu pek \u00e7ok e\u011fitime kat\u0131ld\u0131, ara\u015ft\u0131rmalar yapt\u0131 ve uluslararas\u0131 ge\u00e7erlili\u011fe sahip sertifikalar ald\u0131. Amerika \u00dcniversiteler Birli\u011fi&#8217;nden onayl\u0131 e\u011fitim sertifikalar\u0131 ile hem ki\u015fisel hem de kurumsal dan\u0131\u015fmanl\u0131k hizmeti vermeye ba\u015flad\u0131. 2020 y\u0131l\u0131 itibari ile IAS Business Academy b\u00fcnyesinde K\u0131demli E\u011fitim Uzman\u0131 olarak g\u00f6reve ba\u015flad\u0131. Temmuz 2020&#8217;de ilk roman\u0131 olan Robinson&#8217;a A\u015f\u0131k Olmak okuyucu ile bulu\u015ftu. Ayr\u0131ca Avrupa Birli\u011fi Bilgi Merkezleri ile d\u00f6nemsel \u00e7al\u0131\u015fmalar y\u00fcr\u00fctm\u00fc\u015f, \u00e7e\u015fitli AB projelerinde e\u011fitim uzman\u0131 olarak g\u00f6rev alm\u0131\u015ft\u0131r. 2010 y\u0131l\u0131ndan bu yana sivil toplum \u00e7al\u0131\u015fmalar\u0131 y\u00fcr\u00fctmektedir. Toplumsal Kalk\u0131nma Derne\u011fi ve Kad\u0131n Erkek Birlikte Sosyal E\u015fitlik Derne\u011fi&#8217;nin kurucu \u00fcyesidir. \u00dcniversitelerde d\u00fczenlenen e\u011fitim seminerleri, s\u00f6yle\u015filer, konferanslar ve medya programlar\u0131na konu\u015fmac\u0131 olarak kat\u0131lmaktad\u0131r. Ayr\u0131ca TESOL (Teacher of English to Speaker of Other Languages) belgesine sahiptir. Hitit \u00dcniversitesinde \u0130\u015fletme Anabilim Dal\u0131nda N\u00f6ro Bilim ve \u0130\u015fletme alanlar\u0131nda doktora e\u011fitimi devam etmektedir. &nbsp; &nbsp; &nbsp; &nbsp; &nbsp;<\/p>\n","protected":false},"author":1,"featured_media":0,"parent":0,"menu_order":0,"comment_status":"closed","ping_status":"closed","template":"","meta":{"footnotes":""},"class_list":["post-1466","page","type-page","status-publish","hentry"],"_links":{"self":[{"href":"https:\/\/gokselaksel.com\/blog\/wp-json\/wp\/v2\/pages\/1466","targetHints":{"allow":["GET"]}}],"collection":[{"href":"https:\/\/gokselaksel.com\/blog\/wp-json\/wp\/v2\/pages"}],"about":[{"href":"https:\/\/gokselaksel.com\/blog\/wp-json\/wp\/v2\/types\/page"}],"author":[{"embeddable":true,"href":"https:\/\/gokselaksel.com\/blog\/wp-json\/wp\/v2\/users\/1"}],"replies":[{"embeddable":true,"href":"https:\/\/gokselaksel.com\/blog\/wp-json\/wp\/v2\/comments?post=1466"}],"version-history":[{"count":20,"href":"https:\/\/gokselaksel.com\/blog\/wp-json\/wp\/v2\/pages\/1466\/revisions"}],"predecessor-version":[{"id":2338,"href":"https:\/\/gokselaksel.com\/blog\/wp-json\/wp\/v2\/pages\/1466\/revisions\/2338"}],"wp:attachment":[{"href":"https:\/\/gokselaksel.com\/blog\/wp-json\/wp\/v2\/media?parent=1466"}],"curies":[{"name":"wp","href":"https:\/\/api.w.org\/{rel}","templated":true}]}}