{"id":1464,"date":"2023-10-03T23:21:53","date_gmt":"2023-10-03T20:21:53","guid":{"rendered":"https:\/\/gokselaksel.com\/blog\/?page_id=1464"},"modified":"2023-10-09T21:27:22","modified_gmt":"2023-10-09T18:27:22","slug":"kitap","status":"publish","type":"page","link":"https:\/\/gokselaksel.com\/blog\/kitap\/","title":{"rendered":"Kitap"},"content":{"rendered":"<h3 class=\"text-center mt-0\"><img loading=\"lazy\" decoding=\"async\" class=\"alignright wp-image-1524\" src=\"https:\/\/gokselaksel.com\/blog\/wp-content\/uploads\/2023\/10\/kitap_k-800x701.png\" alt=\"\" width=\"383\" height=\"336\" srcset=\"https:\/\/gokselaksel.com\/blog\/wp-content\/uploads\/2023\/10\/kitap_k-800x701.png 800w, https:\/\/gokselaksel.com\/blog\/wp-content\/uploads\/2023\/10\/kitap_k-768x673.png 768w, https:\/\/gokselaksel.com\/blog\/wp-content\/uploads\/2023\/10\/kitap_k.png 850w\" sizes=\"auto, (max-width: 383px) 100vw, 383px\" \/>Robinson\u2019a A\u015f\u0131k Olmak<\/h3>\n<div class=\"col-lg-3 col-md-6 text-left\">\n<div class=\"mt-5\">\n<p class=\"text-white-50 mb-4\" align=\"justify\">A\u015fk cesurlar\u0131n i\u015fiydi hep.<br \/>\nA\u015fk, g\u00f6rmeyi, duymay\u0131, hissetmeyi bilenleri severdi.<br \/>\nA\u015fk, cesurlar\u0131 se\u00e7er, korkaklar\u0131 terk ederdi.<br \/>\nA\u015fk, geldi ve a\u015fk gitti.<br \/>\nGeriye ya\u015fayanlar\u0131n anlar\u0131, an\u0131lar\u0131 ve a\u015fktan ne anlad\u0131klar\u0131 kald\u0131&#8230;<\/p>\n<p>Beklenmedik, tutkulu bir a\u015fk; ve bu a\u015fk i\u00e7erisinde alevlerle dolu bir ki\u015fisel geli\u015fim yolculu\u011fu&#8230;<\/p>\n<p><strong><a class=\"btn btn-light btn-xl js-scroll-trigger\" href=\"https:\/\/www.ilknokta.com\/robinsona-asik-olmak.htm\" target=\"_blank\" rel=\"noopener\">\u25b9 HEMEN SATIN AL<\/a><\/strong><\/p>\n<\/div>\n<\/div>\n","protected":false},"excerpt":{"rendered":"<p>Robinson\u2019a A\u015f\u0131k Olmak A\u015fk cesurlar\u0131n i\u015fiydi hep. A\u015fk, g\u00f6rmeyi, duymay\u0131, hissetmeyi bilenleri severdi. A\u015fk, cesurlar\u0131 se\u00e7er, korkaklar\u0131 terk ederdi. A\u015fk, geldi ve a\u015fk gitti. Geriye ya\u015fayanlar\u0131n anlar\u0131, an\u0131lar\u0131 ve a\u015fktan ne anlad\u0131klar\u0131 kald\u0131&#8230; Beklenmedik, tutkulu bir a\u015fk; ve bu a\u015fk i\u00e7erisinde alevlerle dolu bir ki\u015fisel geli\u015fim yolculu\u011fu&#8230; \u25b9 HEMEN SATIN AL<\/p>\n","protected":false},"author":1,"featured_media":0,"parent":0,"menu_order":0,"comment_status":"closed","ping_status":"closed","template":"","meta":{"footnotes":""},"class_list":["post-1464","page","type-page","status-publish","hentry"],"_links":{"self":[{"href":"https:\/\/gokselaksel.com\/blog\/wp-json\/wp\/v2\/pages\/1464","targetHints":{"allow":["GET"]}}],"collection":[{"href":"https:\/\/gokselaksel.com\/blog\/wp-json\/wp\/v2\/pages"}],"about":[{"href":"https:\/\/gokselaksel.com\/blog\/wp-json\/wp\/v2\/types\/page"}],"author":[{"embeddable":true,"href":"https:\/\/gokselaksel.com\/blog\/wp-json\/wp\/v2\/users\/1"}],"replies":[{"embeddable":true,"href":"https:\/\/gokselaksel.com\/blog\/wp-json\/wp\/v2\/comments?post=1464"}],"version-history":[{"count":3,"href":"https:\/\/gokselaksel.com\/blog\/wp-json\/wp\/v2\/pages\/1464\/revisions"}],"predecessor-version":[{"id":1526,"href":"https:\/\/gokselaksel.com\/blog\/wp-json\/wp\/v2\/pages\/1464\/revisions\/1526"}],"wp:attachment":[{"href":"https:\/\/gokselaksel.com\/blog\/wp-json\/wp\/v2\/media?parent=1464"}],"curies":[{"name":"wp","href":"https:\/\/api.w.org\/{rel}","templated":true}]}}