{"id":1455,"date":"2023-07-25T21:59:02","date_gmt":"2023-07-25T18:59:02","guid":{"rendered":"https:\/\/gokselaksel.com\/blog\/?page_id=1455"},"modified":"2023-11-09T22:10:21","modified_gmt":"2023-11-09T19:10:21","slug":"iletisim","status":"publish","type":"page","link":"https:\/\/gokselaksel.com\/blog\/iletisim\/","title":{"rendered":"\u0130leti\u015fim"},"content":{"rendered":"<p>&nbsp;<\/p>\n<p><img loading=\"lazy\" decoding=\"async\" class=\"alignright  wp-image-1725\" src=\"https:\/\/gokselaksel.com\/blog\/wp-content\/uploads\/2023\/11\/ga-logo-b1a-800x425.png\" alt=\"\" width=\"364\" height=\"193\" srcset=\"https:\/\/gokselaksel.com\/blog\/wp-content\/uploads\/2023\/11\/ga-logo-b1a-800x425.png 800w, https:\/\/gokselaksel.com\/blog\/wp-content\/uploads\/2023\/11\/ga-logo-b1a-1024x543.png 1024w, https:\/\/gokselaksel.com\/blog\/wp-content\/uploads\/2023\/11\/ga-logo-b1a-768x408.png 768w, https:\/\/gokselaksel.com\/blog\/wp-content\/uploads\/2023\/11\/ga-logo-b1a-1140x605.png 1140w, https:\/\/gokselaksel.com\/blog\/wp-content\/uploads\/2023\/11\/ga-logo-b1a.png 1447w\" sizes=\"auto, (max-width: 364px) 100vw, 364px\" \/>\u00c7al\u0131\u015fmalar\u0131m\u0131z hakk\u0131nda daha detayl\u0131 bilgi almak ya da sorular\u0131n\u0131z\u0131 iletmek i\u00e7in bizimle ileti\u015fim kurmaktan \u00e7ekinmeyin. A\u015fa\u011f\u0131daki se\u00e7enekler \u00fczerinden her daim bizimle ileti\u015fime ge\u00e7ebilirsiniz.<\/p>\n<p><strong>Telefon: <\/strong><a href=\"tel:+905317933931\">+90 531 793 39 31<\/a><\/p>\n<p><strong>WhatsApp: <\/strong><a href=\"https:\/\/api.whatsapp.com\/send?phone=905317933931&amp;text=Merhaba,%20bir%20konuda%20bilgi%20alabilir%20miyim?\" target=\"_blank\" rel=\"noopener\">+90 531 793 39 31<\/a><\/p>\n<p><strong>E-Mail: <\/strong><a href=\"mailto:info@gokselaksel.com\">info@gokselaksel.com<\/a><\/p>\n<hr \/>\n<div class=\"wpforms-container wpforms-container-full\" id=\"wpforms-1452\"><form id=\"wpforms-form-1452\" class=\"wpforms-validate wpforms-form\" data-formid=\"1452\" method=\"post\" enctype=\"multipart\/form-data\" action=\"\/blog\/wp-json\/wp\/v2\/pages\/1455\"><div class=\"wpforms-field-container\"><div id=\"wpforms-1452-field_0-container\" class=\"wpforms-field wpforms-field-name\" data-field-id=\"0\"><label class=\"wpforms-field-label\" for=\"wpforms-1452-field_0\">Ad\u0131 Soyad\u0131 <span class=\"wpforms-required-label\">*<\/span><\/label><input type=\"text\" id=\"wpforms-1452-field_0\" class=\"wpforms-field-medium wpforms-field-required\" name=\"wpforms[fields][0]\" required><\/div><div id=\"wpforms-1452-field_3-container\" class=\"wpforms-field wpforms-field-number\" data-field-id=\"3\"><label class=\"wpforms-field-label\" for=\"wpforms-1452-field_3\">Telefon <span class=\"wpforms-required-label\">*<\/span><\/label><input type=\"number\" id=\"wpforms-1452-field_3\" class=\"wpforms-field-medium wpforms-field-required\" name=\"wpforms[fields][3]\" required><\/div><div id=\"wpforms-1452-field_1-container\" class=\"wpforms-field wpforms-field-email\" data-field-id=\"1\"><label class=\"wpforms-field-label\" for=\"wpforms-1452-field_1\">E-posta <span class=\"wpforms-required-label\">*<\/span><\/label><input type=\"email\" id=\"wpforms-1452-field_1\" class=\"wpforms-field-medium wpforms-field-required\" name=\"wpforms[fields][1]\" required><\/div><div id=\"wpforms-1452-field_4-container\" class=\"wpforms-field wpforms-field-text\" data-field-id=\"4\"><label class=\"wpforms-field-label\" for=\"wpforms-1452-field_4\">Konu<\/label><input type=\"text\" id=\"wpforms-1452-field_4\" class=\"wpforms-field-medium\" name=\"wpforms[fields][4]\" ><\/div><div id=\"wpforms-1452-field_2-container\" class=\"wpforms-field wpforms-field-textarea\" data-field-id=\"2\"><label class=\"wpforms-field-label\" for=\"wpforms-1452-field_2\">Yorum veya Mesaj<\/label><textarea id=\"wpforms-1452-field_2\" class=\"wpforms-field-medium\" name=\"wpforms[fields][2]\" ><\/textarea><\/div><\/div><div class=\"wpforms-field wpforms-field-hp\"><label for=\"wpforms-field_hp\" class=\"wpforms-field-label\">Name<\/label><input type=\"text\" name=\"wpforms[hp]\" id=\"wpforms-field_hp\" class=\"wpforms-field-medium\"><\/div><div class=\"wpforms-submit-container\" ><input type=\"hidden\" name=\"wpforms[id]\" value=\"1452\"><input type=\"hidden\" name=\"wpforms[author]\" value=\"1\"><button type=\"submit\" name=\"wpforms[submit]\" class=\"wpforms-submit \" id=\"wpforms-submit-1452\" value=\"wpforms-submit\" data-alt-text=\"G\u00f6nderiliyor...\">G\u00f6nder<\/button><\/div><\/form><\/div>\n","protected":false},"excerpt":{"rendered":"<p>&nbsp; \u00c7al\u0131\u015fmalar\u0131m\u0131z hakk\u0131nda daha detayl\u0131 bilgi almak ya da sorular\u0131n\u0131z\u0131 iletmek i\u00e7in bizimle ileti\u015fim kurmaktan \u00e7ekinmeyin. A\u015fa\u011f\u0131daki se\u00e7enekler \u00fczerinden her daim bizimle ileti\u015fime ge\u00e7ebilirsiniz. Telefon: +90 531 793 39 31 WhatsApp: +90 531 793 39 31 E-Mail: info@gokselaksel.com<\/p>\n","protected":false},"author":1,"featured_media":0,"parent":0,"menu_order":0,"comment_status":"closed","ping_status":"closed","template":"","meta":{"footnotes":""},"class_list":["post-1455","page","type-page","status-publish","hentry"],"_links":{"self":[{"href":"https:\/\/gokselaksel.com\/blog\/wp-json\/wp\/v2\/pages\/1455","targetHints":{"allow":["GET"]}}],"collection":[{"href":"https:\/\/gokselaksel.com\/blog\/wp-json\/wp\/v2\/pages"}],"about":[{"href":"https:\/\/gokselaksel.com\/blog\/wp-json\/wp\/v2\/types\/page"}],"author":[{"embeddable":true,"href":"https:\/\/gokselaksel.com\/blog\/wp-json\/wp\/v2\/users\/1"}],"replies":[{"embeddable":true,"href":"https:\/\/gokselaksel.com\/blog\/wp-json\/wp\/v2\/comments?post=1455"}],"version-history":[{"count":9,"href":"https:\/\/gokselaksel.com\/blog\/wp-json\/wp\/v2\/pages\/1455\/revisions"}],"predecessor-version":[{"id":1732,"href":"https:\/\/gokselaksel.com\/blog\/wp-json\/wp\/v2\/pages\/1455\/revisions\/1732"}],"wp:attachment":[{"href":"https:\/\/gokselaksel.com\/blog\/wp-json\/wp\/v2\/media?parent=1455"}],"curies":[{"name":"wp","href":"https:\/\/api.w.org\/{rel}","templated":true}]}}